{"id":1546,"date":"2019-10-04T13:05:42","date_gmt":"2019-10-04T13:05:42","guid":{"rendered":"https:\/\/devarossi.ch\/homonoia-duo\/"},"modified":"2020-03-01T11:29:29","modified_gmt":"2020-03-01T11:29:29","slug":"homonoia-duo","status":"publish","type":"page","link":"https:\/\/devarossi.ch\/it\/homonoia-duo\/","title":{"rendered":"Homonoia Duo"},"content":{"rendered":"<div class=\"fusion-fullwidth fullwidth-box fusion-builder-row-1 fusion-parallax-none nonhundred-percent-fullwidth non-hundred-percent-height-scrolling\" style=\"background-color: rgba(255,255,255,0);background-image: url(&quot;https:\/\/devarossi.ch\/wp-content\/uploads\/2019\/09\/deva_trio_background.jpg&quot;);background-position: left bottom;background-repeat: no-repeat;padding-top:200px;padding-right:0px;padding-bottom:0px;padding-left:0px;margin-bottom: 0px;margin-top: 0px;border-width: 0px 0px 0px 0px;border-color:#eae9e9;border-style:solid;-webkit-background-size:cover;-moz-background-size:cover;-o-background-size:cover;background-size:cover;\" id=\"trio1\" ><div class=\"fusion-builder-row fusion-row\"><div class=\"fusion-layout-column fusion_builder_column fusion-builder-column-0 fusion_builder_column_1_2 1_2 fusion-one-half fusion-column-first\" style=\"width:50%;width:calc(50% - ( ( 4% ) * 0.5 ) );margin-right: 4%;margin-top:-50px;margin-bottom:0px;\"><div class=\"fusion-column-wrapper fusion-flex-column-wrapper-legacy\" style=\"background-position:left top;background-repeat:no-repeat;-webkit-background-size:cover;-moz-background-size:cover;-o-background-size:cover;background-size:cover;padding: 0px 0px 0px 0px;\"><div class=\"imageframe-align-center\"><span class=\" fusion-imageframe imageframe-none imageframe-1 hover-type-none\"><img width=\"762\" height=\"1033\" title=\"duo-image\" src=\"https:\/\/devarossi.ch\/wp-content\/uploads\/2019\/10\/duo-image-1.png\" alt class=\"img-responsive wp-image-1613\" srcset=\"https:\/\/devarossi.ch\/wp-content\/uploads\/2019\/10\/duo-image-1-200x271.png 200w, https:\/\/devarossi.ch\/wp-content\/uploads\/2019\/10\/duo-image-1-400x542.png 400w, https:\/\/devarossi.ch\/wp-content\/uploads\/2019\/10\/duo-image-1-600x813.png 600w, https:\/\/devarossi.ch\/wp-content\/uploads\/2019\/10\/duo-image-1.png 762w\" sizes=\"(max-width: 991px) 100vw, 600px\" \/><\/span><\/div><div class=\"fusion-clearfix\"><\/div><\/div><\/div><div class=\"fusion-layout-column fusion_builder_column fusion-builder-column-1 fusion_builder_column_1_2 1_2 fusion-one-half fusion-column-last\" style=\"width:50%;width:calc(50% - ( ( 4% ) * 0.5 ) );margin-top:0px;margin-bottom:0px;\"><div class=\"fusion-column-wrapper fusion-flex-column-wrapper-legacy\" style=\"background-position:left top;background-repeat:no-repeat;-webkit-background-size:cover;-moz-background-size:cover;-o-background-size:cover;background-size:cover;background-color:#ffffff;padding: 60px 60px 700px 60px;\"><div class=\"fusion-sep-clear\"><\/div><div class=\"fusion-separator fusion-clearfix\" style=\"float:left;margin-bottom:20px;width:100%;max-width:45px;\"><div class=\"fusion-separator-border sep-single sep-solid\" style=\"border-color:#1fb369;border-top-width:5px;\"><\/div><\/div><div class=\"fusion-sep-clear\"><\/div><div class=\"fusion-text fusion-text-1\"><h3>Homonoia Duo<\/h3>\n<\/div><div class=\"fusion-text fusion-text-2\"><p>Homonoia Duo \u00e8 stato fondato nel 2017 presso il Royal Welsh College of Music and Drama. Il duo condivide la passione per la musica da camera e crea concerti emozionanti e carichi di energia. Le loro ispirazioni nascono spesso dalle diversit\u00e0 culturale dei due componenti. L\u2019obbiettivo principale dei due musicisti \u00e8 di appassionare un vasto pubblico con la loro devozione per la musica.<\/p>\n<p>Il duo ha un vasto repetorio adatto ad ogni occasione, dalla musica classica a quella moderna.<\/p>\n<p><strong>Deva Rossi<\/strong> \u00e8 nata nel 1996 a Zurigo, Svizzera. La sua educazione musicale \u00e8 iniziata all\u2019et\u00e0 di 7 anni alla Scuola di Musica ed Arti Classiche con Antonia Onofrio a Riva San Vitale, Svizzera. Ha successivamente continuato i suoi studi al Conservatorio della Svizzera Italiana a Lugano con Nora Doallo e al Conservatorio di Como, Italia. Nel 2013 e 2014 ha partecipato ad una Masterclass internazionale a Vienna, Austria, organizzata da Susanna Spaemann. Deva ha conosciuto i pianisti giapponesi Masahi Katayama and Mami Morimoto che la invitarono a Tokyo per una Masterclass intensiva nel settembre 2014. Nel 2015 e 2016 ha partecipato al corso estivo Encore Music Projects International Summer School a Wells, UK, avendo come insegnanti John Byrne e Katya Apekisheva, avendo anche lezioni di pianoforte e musica da camera con Olena Shvetsova e Richard May. Dal settembre 2016 Deva frequenta il Royal Welsh College of Music and Drama a Cardiff, UK, dove studia pianoforte con Richard Ormrod ed il suo attuale insegnante Michael Young.<\/p>\n<p><strong><span lang=\"IT\" style=\"font-family: 'Helvetica Neue';\">Jos\u00e9 Nuno Cabrita Matias<\/span><\/strong><span lang=\"IT\" style=\"font-family: 'Helvetica Neue';\"> \u00e8 nato nel 1998 a Lagos, Portogallo. La sua educazione musicale \u00e8 iniziata all\u2019et\u00e0 di 5 anni nella Academia de M\u00fasica de Lagos con Oxana Temniakova. Ha partecipato a Masterclass in Portogallo e nel Regno Unito con Nicola Benedetti, Odin Rathnam e Augusto Trindade. Ha inoltre vinto vari concorsi tra cui il Concurso Vasco Barbosa nel 2015 e il Concurso Anat\u00f3lio Fale nel 2016. Jos\u00e9 ha suonato con diverse orchestre: Jovem Orquestra Portuguesa, Orquesta Sinf\u00f3nica de Castilla y Le\u00f3n e Orquestra de C\u00e2mara Portuguesa. Nel 2015 ha suonato come solista nella premiere del \u201cConcerto com son\u00e2ncia\u201d, di Armando Mota. Jos\u00e9 ha iniziato il suo Bachelor al Royal Welsh College of Music and Drama nel 2016, studiando con Lesley Hatfield. <\/span><\/p>\n<\/div><div class=\"fusion-button-wrapper\"><style>.fusion-button.button-1{border-radius:0px 0px 0px 0px;}<\/style><a class=\"fusion-button button-flat fusion-button-default-size button-default button-1 fusion-button-default-span fusion-button-default-type\" target=\"_blank\" rel=\"noopener noreferrer\" href=\"https:\/\/\/wp-content\/uploads\/2020\/02\/Homonoia-Duo_Repertoire_IT_2020.pdf\"><span class=\"fusion-button-text\">Download Repertoire<\/span><\/a><\/div><div class=\"fusion-clearfix\"><\/div><\/div><\/div><\/div><\/div>\n","protected":false},"excerpt":{"rendered":"","protected":false},"author":1,"featured_media":0,"parent":0,"menu_order":0,"comment_status":"closed","ping_status":"closed","template":"100-width.php","meta":[],"_links":{"self":[{"href":"https:\/\/devarossi.ch\/it\/wp-json\/wp\/v2\/pages\/1546"}],"collection":[{"href":"https:\/\/devarossi.ch\/it\/wp-json\/wp\/v2\/pages"}],"about":[{"href":"https:\/\/devarossi.ch\/it\/wp-json\/wp\/v2\/types\/page"}],"author":[{"embeddable":true,"href":"https:\/\/devarossi.ch\/it\/wp-json\/wp\/v2\/users\/1"}],"replies":[{"embeddable":true,"href":"https:\/\/devarossi.ch\/it\/wp-json\/wp\/v2\/comments?post=1546"}],"version-history":[{"count":3,"href":"https:\/\/devarossi.ch\/it\/wp-json\/wp\/v2\/pages\/1546\/revisions"}],"predecessor-version":[{"id":1687,"href":"https:\/\/devarossi.ch\/it\/wp-json\/wp\/v2\/pages\/1546\/revisions\/1687"}],"wp:attachment":[{"href":"https:\/\/devarossi.ch\/it\/wp-json\/wp\/v2\/media?parent=1546"}],"curies":[{"name":"wp","href":"https:\/\/api.w.org\/{rel}","templated":true}]}}