{"id":1527,"date":"2019-09-19T14:49:23","date_gmt":"2019-09-19T14:49:23","guid":{"rendered":"https:\/\/devarossi.ch\/concordia-trio\/"},"modified":"2020-03-13T09:26:35","modified_gmt":"2020-03-13T09:26:35","slug":"concordia-trio","status":"publish","type":"page","link":"https:\/\/devarossi.ch\/it\/concordia-trio\/","title":{"rendered":"Concordia Trio"},"content":{"rendered":"<div class=\"fusion-fullwidth fullwidth-box fusion-builder-row-1 fusion-parallax-none nonhundred-percent-fullwidth non-hundred-percent-height-scrolling\" style=\"background-color: rgba(255,255,255,0);background-image: url(&quot;https:\/\/devarossi.ch\/wp-content\/uploads\/2019\/09\/deva_trio_background.jpg&quot;);background-position: left bottom;background-repeat: no-repeat;padding-top:200px;padding-right:0px;padding-bottom:0px;padding-left:0px;margin-bottom: 0px;margin-top: 0px;border-width: 0px 0px 0px 0px;border-color:#eae9e9;border-style:solid;-webkit-background-size:cover;-moz-background-size:cover;-o-background-size:cover;background-size:cover;\" id=\"trio1\" ><div class=\"fusion-builder-row fusion-row\"><div class=\"fusion-layout-column fusion_builder_column fusion-builder-column-0 fusion_builder_column_1_2 1_2 fusion-one-half fusion-column-first\" style=\"width:50%;width:calc(50% - ( ( 4% ) * 0.5 ) );margin-right: 4%;margin-top:-50px;margin-bottom:0px;\"><div class=\"fusion-column-wrapper fusion-flex-column-wrapper-legacy\" style=\"background-position:left top;background-repeat:no-repeat;-webkit-background-size:cover;-moz-background-size:cover;-o-background-size:cover;background-size:cover;padding: 0px 0px 0px 0px;\"><div class=\"imageframe-align-center\"><span class=\" fusion-imageframe imageframe-none imageframe-1 hover-type-none\"><img width=\"762\" height=\"1033\" title=\"trio-image20\" src=\"https:\/\/devarossi.ch\/wp-content\/uploads\/2020\/03\/trio-image20.png\" alt class=\"img-responsive wp-image-1743\" srcset=\"https:\/\/devarossi.ch\/wp-content\/uploads\/2020\/03\/trio-image20-200x271.png 200w, https:\/\/devarossi.ch\/wp-content\/uploads\/2020\/03\/trio-image20-400x542.png 400w, https:\/\/devarossi.ch\/wp-content\/uploads\/2020\/03\/trio-image20-600x813.png 600w, https:\/\/devarossi.ch\/wp-content\/uploads\/2020\/03\/trio-image20.png 762w\" sizes=\"(max-width: 991px) 100vw, 600px\" \/><\/span><\/div><div class=\"fusion-clearfix\"><\/div><\/div><\/div><div class=\"fusion-layout-column fusion_builder_column fusion-builder-column-1 fusion_builder_column_1_2 1_2 fusion-one-half fusion-column-last\" style=\"width:50%;width:calc(50% - ( ( 4% ) * 0.5 ) );margin-top:0px;margin-bottom:0px;\"><div class=\"fusion-column-wrapper fusion-flex-column-wrapper-legacy\" style=\"background-position:left top;background-repeat:no-repeat;-webkit-background-size:cover;-moz-background-size:cover;-o-background-size:cover;background-size:cover;background-color:#ffffff;padding: 60px 60px 700px 60px;\"><div class=\"fusion-sep-clear\"><\/div><div class=\"fusion-separator fusion-clearfix\" style=\"float:left;margin-bottom:20px;width:100%;max-width:45px;\"><div class=\"fusion-separator-border sep-single sep-solid\" style=\"border-color:#ffc107;border-top-width:5px;\"><\/div><\/div><div class=\"fusion-sep-clear\"><\/div><div class=\"fusion-text fusion-text-1\"><h3>Concordia Piano Trio<\/h3>\n<\/div><div class=\"fusion-text fusion-text-2\"><p>Il Concordia Piano Trio \u00e9 stato formato nel 2017 presso la Royal Welsh College of Music and Drama.<\/p>\n<p>I tre membri, Deva Rossi, Jos\u00e9 Matias and Tabitha Selley hanno un vasto repertorio: Mozart Trio in Sib maggiore, Beethoven Trio Op 70 No 1 (fantasma), Schumann Trio Op. 110 in Sol minore, Rachmaninov Trio Elegiaque No. 1, Dvorak Dumky Trio e Shostakovich Trio No. 2.<\/p>\n<p>Hanno partecipato in Masterclass con Gould Piano Trio e Albion Quartet.<\/p>\n<p>Il trio ha suonato in un concerto nella prestigiosa Dora Stoutzker Hall 2018. Futuri concerti si terranno a Bristol e a Penarth in 2020.<\/p>\n<p>I tre musicisti hanno una grande passione per la musica da camera e si divertono a suonare insieme; il loro obiettivo \u00e8 di appassionare il pubblico con la loro musica.<\/p>\n<p>Il Concordia Piano Trio ha inoltre avuto lezioni da vari professori del Royal Welsh College tra i quali Richard Uttley, Simon Philippo, Lesley Hatfield, Robin Green e James Kirby. Hanno suonato per Daniel Tong, direttore di musica da camera al Birmingham Conservatoire e per Cordelia Williams, una pianista britannica straordinaria.<\/p>\n<p>Il gruppo ha ricevuto il primo premio al concorso Bridgewood and Neizert Chamber Music Prize 2018 e al Gould Trio Competition nel 2019 e 2020, un concorso per gruppi da camera eccezionali.<\/p>\n<p>Jos\u00e9 Matias studia attualmente con Lesley Hartfield, leader della BBC Orchestra of Wales; Tabitha Selley \u00e8 studentessa di Alice Neary, violoncellista nella BBC National Orchestra of Wales e Deva Rossi \u00e8 studentessa di Michael Young, professore al Royal Welsh College of Music and Drama.<\/p>\n<\/div><div class=\"fusion-button-wrapper\"><style>.fusion-button.button-1{border-radius:0px 0px 0px 0px;}<\/style><a class=\"fusion-button button-flat fusion-button-default-size button-default button-1 fusion-button-default-span fusion-button-default-type\" target=\"_blank\" rel=\"noopener noreferrer\" href=\"https\/wp-content\/uploads\/2020\/02\/Concordia-Piano-Trio_Repertoire_IT_2020.pdf\"><span class=\"fusion-button-text\">Download Repertoire<\/span><\/a><\/div><div class=\"fusion-clearfix\"><\/div><\/div><\/div><\/div><\/div>\n","protected":false},"excerpt":{"rendered":"","protected":false},"author":1,"featured_media":0,"parent":0,"menu_order":0,"comment_status":"closed","ping_status":"closed","template":"100-width.php","meta":[],"_links":{"self":[{"href":"https:\/\/devarossi.ch\/it\/wp-json\/wp\/v2\/pages\/1527"}],"collection":[{"href":"https:\/\/devarossi.ch\/it\/wp-json\/wp\/v2\/pages"}],"about":[{"href":"https:\/\/devarossi.ch\/it\/wp-json\/wp\/v2\/types\/page"}],"author":[{"embeddable":true,"href":"https:\/\/devarossi.ch\/it\/wp-json\/wp\/v2\/users\/1"}],"replies":[{"embeddable":true,"href":"https:\/\/devarossi.ch\/it\/wp-json\/wp\/v2\/comments?post=1527"}],"version-history":[{"count":4,"href":"https:\/\/devarossi.ch\/it\/wp-json\/wp\/v2\/pages\/1527\/revisions"}],"predecessor-version":[{"id":1756,"href":"https:\/\/devarossi.ch\/it\/wp-json\/wp\/v2\/pages\/1527\/revisions\/1756"}],"wp:attachment":[{"href":"https:\/\/devarossi.ch\/it\/wp-json\/wp\/v2\/media?parent=1527"}],"curies":[{"name":"wp","href":"https:\/\/api.w.org\/{rel}","templated":true}]}}